{"id":166,"date":"2024-02-10T15:09:48","date_gmt":"2024-02-10T15:09:48","guid":{"rendered":"http:\/\/freie-waehler-rhk.de\/?page_id=166"},"modified":"2025-10-01T09:53:32","modified_gmt":"2025-10-01T09:53:32","slug":"kreisverband-rhk-vorstand","status":"publish","type":"page","link":"https:\/\/freie-waehler-rhk.de\/?page_id=166","title":{"rendered":"Kreisvereinigung RHK"},"content":{"rendered":"\t\t<div data-elementor-type=\"wp-page\" data-elementor-id=\"166\" class=\"elementor elementor-166\">\n\t\t\t\t<div class=\"elementor-element elementor-element-e3c6cb7 e-flex e-con-boxed e-con e-parent\" data-id=\"e3c6cb7\" data-element_type=\"container\" data-e-type=\"container\">\n\t\t\t\t\t<div class=\"e-con-inner\">\n\t\t<div class=\"elementor-element elementor-element-5c695bb e-con-full e-flex e-con e-child\" data-id=\"5c695bb\" data-element_type=\"container\" data-e-type=\"container\">\n\t\t\t\t<div class=\"elementor-element elementor-element-d72a3e6 elementor-widget elementor-widget-image\" data-id=\"d72a3e6\" data-element_type=\"widget\" data-e-type=\"widget\" data-widget_type=\"image.default\">\n\t\t\t\t<div class=\"elementor-widget-container\">\n\t\t\t\t\t\t\t\t\t\t\t\t\t\t\t<img fetchpriority=\"high\" decoding=\"async\" width=\"843\" height=\"632\" src=\"https:\/\/freie-waehler-rhk.de\/wp-content\/uploads\/2024\/02\/ff8b8a6e-01c1-42c2-9d8a-3e7eded8c928-1024x768.jpg\" class=\"attachment-large size-large wp-image-102\" alt=\"\" srcset=\"https:\/\/freie-waehler-rhk.de\/wp-content\/uploads\/2024\/02\/ff8b8a6e-01c1-42c2-9d8a-3e7eded8c928-1024x768.jpg 1024w, https:\/\/freie-waehler-rhk.de\/wp-content\/uploads\/2024\/02\/ff8b8a6e-01c1-42c2-9d8a-3e7eded8c928-300x225.jpg 300w, https:\/\/freie-waehler-rhk.de\/wp-content\/uploads\/2024\/02\/ff8b8a6e-01c1-42c2-9d8a-3e7eded8c928-768x576.jpg 768w, https:\/\/freie-waehler-rhk.de\/wp-content\/uploads\/2024\/02\/ff8b8a6e-01c1-42c2-9d8a-3e7eded8c928.jpg 1311w\" sizes=\"(max-width: 843px) 100vw, 843px\" \/>\t\t\t\t\t\t\t\t\t\t\t\t\t\t\t<\/div>\n\t\t\t\t<\/div>\n\t\t\t\t<div class=\"elementor-element elementor-element-e688dfd elementor-widget elementor-widget-text-editor\" data-id=\"e688dfd\" data-element_type=\"widget\" data-e-type=\"widget\" data-widget_type=\"text-editor.default\">\n\t\t\t\t<div class=\"elementor-widget-container\">\n\t\t\t\t\t\t\t\t\t<p><strong>Vorstand FREIE W\u00c4HLER Kreisvereinigung Rhein-Hunsr\u00fcck<\/strong><\/p><p>Auf dem Bild von links nach rechts<\/p><p>Olaf Schmaus, Guido H\u00fcbinger, Peter Welling,Andreas K\u00fclzer, Jacqueline Schmaus, Michael Kaiser, Horst Neuls, Marc Fischer, Armin H\u00fcbinger<\/p><p>(Gr\u00fcndungsversammlung)<\/p>\t\t\t\t\t\t\t\t<\/div>\n\t\t\t\t<\/div>\n\t\t\t\t<\/div>\n\t\t<div class=\"elementor-element elementor-element-b577e1c e-con-full e-flex e-con e-child\" data-id=\"b577e1c\" data-element_type=\"container\" data-e-type=\"container\">\n\t\t\t\t<div class=\"elementor-element elementor-element-2a598f8 elementor-widget elementor-widget-image\" data-id=\"2a598f8\" data-element_type=\"widget\" data-e-type=\"widget\" data-widget_type=\"image.default\">\n\t\t\t\t<div class=\"elementor-widget-container\">\n\t\t\t\t\t\t\t\t\t\t\t\t\t\t\t<img decoding=\"async\" width=\"800\" height=\"928\" src=\"https:\/\/freie-waehler-rhk.de\/wp-content\/uploads\/2024\/02\/2052_688_1_g.png\" class=\"attachment-large size-large wp-image-98\" alt=\"\" srcset=\"https:\/\/freie-waehler-rhk.de\/wp-content\/uploads\/2024\/02\/2052_688_1_g.png 800w, https:\/\/freie-waehler-rhk.de\/wp-content\/uploads\/2024\/02\/2052_688_1_g-259x300.png 259w, https:\/\/freie-waehler-rhk.de\/wp-content\/uploads\/2024\/02\/2052_688_1_g-768x891.png 768w\" sizes=\"(max-width: 800px) 100vw, 800px\" \/>\t\t\t\t\t\t\t\t\t\t\t\t\t\t\t<\/div>\n\t\t\t\t<\/div>\n\t\t\t\t<\/div>\n\t\t<div class=\"elementor-element elementor-element-f3fc1c0 e-con-full e-flex e-con e-child\" data-id=\"f3fc1c0\" data-element_type=\"container\" data-e-type=\"container\">\n\t\t\t\t<div class=\"elementor-element elementor-element-b9c44a1 elementor-widget__width-initial elementor-widget elementor-widget-text-editor\" data-id=\"b9c44a1\" data-element_type=\"widget\" data-e-type=\"widget\" data-widget_type=\"text-editor.default\">\n\t\t\t\t<div class=\"elementor-widget-container\">\n\t\t\t\t\t\t\t\t\t<ul><li style=\"text-align: left;\">Vorsitzender: Guido H\u00fcbinger \u00a0\u00a0 \u00a0\u00a0 \u00a0\u00a0 \u00a0\u00a0 \u00a0\u00a0 \u00a0\u00a0 \u00a0\u00a0 \u00a0\u00a0 \u00a0\u00a0 \u00a0\u00a0 <a href=\"mailto:g.huebinger@fw-rhk.de\">g.huebinger@fw-rhk.de<\/a><\/li><li style=\"text-align: left;\">stellv. Vorsitzender: Olaf Schmaus \u00a0 \u00a0 \u00a0 \u00a0 \u00a0 \u00a0 \u00a0 \u00a0 \u00a0\u00a0 \u00a0<a href=\"mailto:o.schmaus@fw-rhk.de\"> \u00a0 o.schmaus@fw-rhk.de<\/a><\/li><li style=\"text-align: left;\">stellv. Vorsitzender: Michael Kaiser\u00a0 \u00a0 \u00a0 \u00a0 \u00a0 \u00a0 \u00a0 \u00a0 \u00a0\u00a0 <a href=\"mailto:m.kaiser@fw-rhk.de\">\u00a0\u00a0 m.kaiser@fw-rhk.de<\/a><\/li><li style=\"text-align: left;\">Schatzmeisterin: Jacqueline Schmaus\u00a0\u00a0\u00a0\u00a0\u00a0\u00a0\u00a0\u00a0\u00a0\u00a0\u00a0\u00a0\u00a0\u00a0\u00a0 <a href=\"mailto:j.schmaus@fw-rhk.de\">\u00a0\u00a0 j.schmaus@fw-rhk.de<\/a><\/li><li style=\"text-align: left;\">Schriftf\u00fchrer: Thorsten Garske \u00a0\u00a0\u00a0\u00a0\u00a0\u00a0\u00a0\u00a0\u00a0\u00a0\u00a0\u00a0\u00a0\u00a0\u00a0\u00a0\u00a0\u00a0\u00a0\u00a0\u00a0\u00a0\u00a0\u00a0\u00a0\u00a0\u00a0\u00a0\u00a0 <a href=\"mailto:t.garske@fw-rhk.de\">t.garske@fw-rhk.de<\/a><\/li><li style=\"text-align: left;\">Beisitzer: Armin H\u00fcbinger\u00a0\u00a0\u00a0\u00a0\u00a0\u00a0\u00a0\u00a0\u00a0\u00a0\u00a0\u00a0\u00a0\u00a0\u00a0\u00a0\u00a0\u00a0\u00a0\u00a0\u00a0\u00a0\u00a0\u00a0\u00a0\u00a0\u00a0\u00a0\u00a0\u00a0\u00a0\u00a0\u00a0 \u00a0 \u00a0 <a href=\"mailto:a.huebinger@fw-rhk.de\">a.huebinger@fw-rhk.de<\/a><\/li><li style=\"text-align: left;\">Beisitzer: Stefan Stumpf\u00a0\u00a0\u00a0\u00a0\u00a0\u00a0\u00a0\u00a0\u00a0\u00a0\u00a0\u00a0\u00a0\u00a0\u00a0\u00a0\u00a0\u00a0\u00a0\u00a0\u00a0\u00a0\u00a0\u00a0\u00a0\u00a0\u00a0\u00a0\u00a0\u00a0\u00a0\u00a0\u00a0\u00a0\u00a0 \u00a0\u00a0\u00a0 <a href=\"mailto:s.stumpf@fw-rhk.de\">s.stumpf@fw-rhk.de<\/a><\/li><li style=\"text-align: left;\">Beisitzer: J\u00f6rg Konrad \u00a0 \u00a0\u00a0\u00a0\u00a0\u00a0\u00a0\u00a0\u00a0\u00a0\u00a0\u00a0\u00a0\u00a0\u00a0\u00a0\u00a0\u00a0\u00a0\u00a0\u00a0\u00a0\u00a0\u00a0\u00a0\u00a0\u00a0\u00a0\u00a0\u00a0\u00a0\u00a0\u00a0\u00a0\u00a0\u00a0\u00a0\u00a0\u00a0\u00a0\u00a0 <a href=\"mailto:j.konrad@fw-rhk.de\">j.konrad@fw-rhk.de<\/a><\/li><li>Kontakt: <a href=\"mailto:info@fw-rhk.de\">info@fw-rhk.de<\/a> \u00a0\u00a0\u00a0\u00a0\u00a0\u00a0\u00a0\u00a0\u00a0\u00a0 \u00a0 \u00a0 \u00a0 \u00a0 \u00a0 \u00a0 \u00a0 \u00a0 \u00a0 \u00a0 \u00a0 \u00a0 \u00a0 \u00a0\u00a0 Ausoniusring 9, 55487 Sohren<\/li><\/ul>\t\t\t\t\t\t\t\t<\/div>\n\t\t\t\t<\/div>\n\t\t\t\t<\/div>\n\t\t\t\t\t<\/div>\n\t\t\t\t<\/div>\n\t\t\t\t<\/div>\n\t\t","protected":false},"excerpt":{"rendered":"<p>Vorstand FREIE W\u00c4HLER Kreisvereinigung Rhein-Hunsr\u00fcck Auf dem Bild von links nach rechts Olaf Schmaus, Guido H\u00fcbinger, Peter Welling,Andreas K\u00fclzer, Jacqueline Schmaus, Michael Kaiser, Horst Neuls,&hellip;<\/p>\n","protected":false},"author":1,"featured_media":0,"parent":0,"menu_order":0,"comment_status":"closed","ping_status":"closed","template":"","meta":{"footnotes":""},"class_list":["post-166","page","type-page","status-publish","hentry"],"_links":{"self":[{"href":"https:\/\/freie-waehler-rhk.de\/index.php?rest_route=\/wp\/v2\/pages\/166","targetHints":{"allow":["GET"]}}],"collection":[{"href":"https:\/\/freie-waehler-rhk.de\/index.php?rest_route=\/wp\/v2\/pages"}],"about":[{"href":"https:\/\/freie-waehler-rhk.de\/index.php?rest_route=\/wp\/v2\/types\/page"}],"author":[{"embeddable":true,"href":"https:\/\/freie-waehler-rhk.de\/index.php?rest_route=\/wp\/v2\/users\/1"}],"replies":[{"embeddable":true,"href":"https:\/\/freie-waehler-rhk.de\/index.php?rest_route=%2Fwp%2Fv2%2Fcomments&post=166"}],"version-history":[{"count":87,"href":"https:\/\/freie-waehler-rhk.de\/index.php?rest_route=\/wp\/v2\/pages\/166\/revisions"}],"predecessor-version":[{"id":701,"href":"https:\/\/freie-waehler-rhk.de\/index.php?rest_route=\/wp\/v2\/pages\/166\/revisions\/701"}],"wp:attachment":[{"href":"https:\/\/freie-waehler-rhk.de\/index.php?rest_route=%2Fwp%2Fv2%2Fmedia&parent=166"}],"curies":[{"name":"wp","href":"https:\/\/api.w.org\/{rel}","templated":true}]}}